{"id":25,"date":"2024-03-04T16:55:03","date_gmt":"2024-03-04T15:55:03","guid":{"rendered":"https:\/\/www.le-journal-catalan.com\/de\/?page_id=25"},"modified":"2025-06-17T06:47:13","modified_gmt":"2025-06-17T10:47:13","slug":"rechtliche-hinweise","status":"publish","type":"page","link":"https:\/\/www.le-journal-catalan.com\/de\/rechtliche-hinweise\/","title":{"rendered":"Rechtliche Hinweise"},"content":{"rendered":"<p class=\"whitespace-pre-wrap\"><strong>Rechtliche Hinweise \u2013 Datenschutzrichtlinie<\/strong><\/p>\n<p class=\"whitespace-pre-wrap\">Die Website Catalan News wird von Renard Romain ver\u00f6ffentlicht. Der Eigent\u00fcmer und\/oder Herausgeber ist eine juristische Person. Eigent\u00fcmer und\/oder Herausgeber der Website: Miaouw O\u00dc Adresse des Herausgebers: Sepapaja 6, 15551 Tallinn, Estland Handelsregisternummer (RCS): 14587256<\/p>\n<p class=\"whitespace-pre-wrap\">Hosting: OVH OVH SAS ist eine Tochtergesellschaft der OVH Groupe SA, einer Gesellschaft, die im Handelsregister Lille unter der Nummer 537 407 926 eingetragen ist, mit Sitz in der Rue Kellermann 2, 59100 Roubaix<\/p>\n<h2><strong>Personenbezogene Daten<\/strong><\/h2>\n<p class=\"whitespace-pre-wrap\">Die Daten, die Sie uns anvertrauen, sind f\u00fcr die Bearbeitung Ihrer Anfragen erforderlich und werden keinesfalls an andere Organisationen weitergegeben. Gem\u00e4\u00df dem Gesetz Nr. 78-17 vom 6. Januar 1978 \u00fcber Datenverarbeitung, Dateien und Freiheiten haben Sie das Recht auf Zugang, Einsichtnahme, \u00c4nderung, Berichtigung und L\u00f6schung der Daten, die Sie uns \u00fcber unsere Dienste mitgeteilt haben.<\/p>\n<h2><strong>Hypertext-Links<\/strong><\/h2>\n<p class=\"whitespace-pre-wrap\">Hypertext-Links k\u00f6nnen auf andere Websites als die von Catalan News verweisen. Unter keinen Umst\u00e4nden kann die Website Catalan News haftbar gemacht werden, wenn die Inhalte solcher Websites gegen geltende gesetzliche oder regulatorische Bestimmungen versto\u00dfen.<\/p>\n<p class=\"whitespace-pre-wrap\">Die Verantwortung von Catalan News kann weder direkt noch indirekt aus irgendeinem Grund oder aus irgendeiner Ursache geltend gemacht werden:<\/p>\n<ul class=\"list-disc pl-8 space-y-2\">\n<li class=\"whitespace-normal\">im Falle einer rechtswidrigen und gesetzeswidrigen Nutzung der auf der Website wiedergegebenen geistigen Werke durch die Nutzer der Website<\/li>\n<li class=\"whitespace-normal\">im Falle einer Dienstunterbrechung der Website aufgrund von Wartungsarbeiten oder des Verhaltens der Website-Nutzer<\/li>\n<li class=\"whitespace-normal\">im Falle der Unzug\u00e4nglichkeit und\/oder Unm\u00f6glichkeit der Nutzung der Website durch einen beliebigen Nutzer<\/li>\n<li class=\"whitespace-normal\">im Falle von Ger\u00e4tesch\u00e4den jeglicher Art oder Datenverlust w\u00e4hrend einer Verbindung zur Website Catalan News<\/li>\n<\/ul>\n","protected":false},"excerpt":{"rendered":"<p>Rechtliche Hinweise \u2013 Datenschutzrichtlinie Die Website Catalan News wird von Renard Romain ver\u00f6ffentlicht. Der Eigent\u00fcmer und\/oder Herausgeber ist eine juristische Person. Eigent\u00fcmer und\/oder Herausgeber der Website: Miaouw O\u00dc Adresse des Herausgebers: Sepapaja 6, 15551 Tallinn, Estland Handelsregisternummer (RCS): 14587256 Hosting: OVH OVH SAS ist eine Tochtergesellschaft der OVH Groupe SA, einer Gesellschaft, die im Handelsregister &#8230; <a title=\"Rechtliche Hinweise\" class=\"read-more\" href=\"https:\/\/www.le-journal-catalan.com\/de\/rechtliche-hinweise\/\" aria-label=\"Mehr Informationen \u00fcber Rechtliche Hinweise\">Lire plus<\/a><\/p>\n","protected":false},"author":1,"featured_media":0,"parent":0,"menu_order":0,"comment_status":"closed","ping_status":"closed","template":"","meta":{"_acf_changed":false,"footnotes":""},"class_list":["post-25","page","type-page","status-publish"],"acf":[],"_yoast_wpseo_primary_category":null,"_yoast_wpseo_title":null,"_yoast_wpseo_metadesc":null,"_links":{"self":[{"href":"https:\/\/www.le-journal-catalan.com\/de\/wp-json\/wp\/v2\/pages\/25","targetHints":{"allow":["GET"]}}],"collection":[{"href":"https:\/\/www.le-journal-catalan.com\/de\/wp-json\/wp\/v2\/pages"}],"about":[{"href":"https:\/\/www.le-journal-catalan.com\/de\/wp-json\/wp\/v2\/types\/page"}],"author":[{"embeddable":true,"href":"https:\/\/www.le-journal-catalan.com\/de\/wp-json\/wp\/v2\/users\/1"}],"replies":[{"embeddable":true,"href":"https:\/\/www.le-journal-catalan.com\/de\/wp-json\/wp\/v2\/comments?post=25"}],"version-history":[{"count":8,"href":"https:\/\/www.le-journal-catalan.com\/de\/wp-json\/wp\/v2\/pages\/25\/revisions"}],"predecessor-version":[{"id":15771,"href":"https:\/\/www.le-journal-catalan.com\/de\/wp-json\/wp\/v2\/pages\/25\/revisions\/15771"}],"wp:attachment":[{"href":"https:\/\/www.le-journal-catalan.com\/de\/wp-json\/wp\/v2\/media?parent=25"}],"curies":[{"name":"wp","href":"https:\/\/api.w.org\/{rel}","templated":true}]}}